{"id":1568,"date":"2023-09-02T07:11:59","date_gmt":"2023-09-02T07:11:59","guid":{"rendered":"https:\/\/alanyarehberi.com\/?page_id=1568"},"modified":"2025-06-11T17:10:26","modified_gmt":"2025-06-11T17:10:26","slug":"firma-ekleme-duzenleme-ve-kaldirma-talebi","status":"publish","type":"page","link":"https:\/\/alanyarehberi.com\/en\/firma-ekleme-duzenleme-ve-kaldirma-talebi","title":{"rendered":"Request to add, edit and remove companies"},"content":{"rendered":"<p><\/p>\n<h1><\/h1>\n<h1>Free requests<\/h1>\n<p>You can register your company free of charge in our company name phone number system for free and request an edit. You can request a company name change and phone number change for your company registered on our site free of charge. For this, you can request the necessary correction by contacting whatsapp on our editor page.<\/p>\n<h1>Paid requests<\/h1>\n<p>Business card image insertion for your company<\/p>\n<p>your company&#8217;s promotional page (English and Turkish)<\/p>\n<p>Premiums for your company to be featured, this makes your company stand out in searches or category listings<\/p>\n<h1>Company remove<\/h1>\n<p>If the company is closed or partially closed or does not provide service, if you report your findings from whatsapp communication, the company will be removed from our list.<\/p>\n<p>&nbsp;<\/p>\n<h1><a href=\"https:\/\/api.whatsapp.com\/send\/?phone=%2B905345427277&amp;text&amp;type=phone_number&amp;app_absent=0\">Whatsapp ileti\u015fim<\/a><\/h1>\n<p>&nbsp;<\/p>\n<h1><a href=\"https:\/\/alanyarehberi.com\/tr\/vendor\/alanya-rehberi-editor\">Firma\u00a0 Edit\u00f6r Link<\/a><\/h1>\n<p>&nbsp;<\/p>\n<p>&nbsp;<\/p>\n<p>&nbsp;<\/p>\n<p>Bu hizmetlerden sadece Alanya\u00a0 ve mahalleleri yayarlan\u0131r<\/p>\n<p>Sitemiz olu\u015fturulurken\u00a0 google yandeks bing gibi arama motorlar\u0131ndan yayarlanm\u0131\u015ft\u0131r<\/p>","protected":false},"excerpt":{"rendered":"<p>Free requests You can register your company free of charge in our company name phone number system for free and request an edit. You can&#8230;<\/p>\n","protected":false},"author":1,"featured_media":0,"parent":0,"menu_order":0,"comment_status":"closed","ping_status":"closed","template":"","meta":{"footnotes":""},"class_list":["post-1568","page","type-page","status-publish","hentry"],"_links":{"self":[{"href":"https:\/\/alanyarehberi.com\/en\/wp-json\/wp\/v2\/pages\/1568","targetHints":{"allow":["GET"]}}],"collection":[{"href":"https:\/\/alanyarehberi.com\/en\/wp-json\/wp\/v2\/pages"}],"about":[{"href":"https:\/\/alanyarehberi.com\/en\/wp-json\/wp\/v2\/types\/page"}],"author":[{"embeddable":true,"href":"https:\/\/alanyarehberi.com\/en\/wp-json\/wp\/v2\/users\/1"}],"replies":[{"embeddable":true,"href":"https:\/\/alanyarehberi.com\/en\/wp-json\/wp\/v2\/comments?post=1568"}],"version-history":[{"count":0,"href":"https:\/\/alanyarehberi.com\/en\/wp-json\/wp\/v2\/pages\/1568\/revisions"}],"wp:attachment":[{"href":"https:\/\/alanyarehberi.com\/en\/wp-json\/wp\/v2\/media?parent=1568"}],"curies":[{"name":"wp","href":"https:\/\/api.w.org\/{rel}","templated":true}]}}